{"id":52,"date":"2025-05-29T12:46:16","date_gmt":"2025-05-29T12:46:16","guid":{"rendered":"https:\/\/www.dasrelais.com\/?page_id=52"},"modified":"2025-09-24T21:41:13","modified_gmt":"2025-09-24T21:41:13","slug":"evenements","status":"publish","type":"page","link":"https:\/\/www.dasrelais.com\/de\/evenements\/","title":{"rendered":"\u00c9ven\u00e8ments"},"content":{"rendered":"","protected":false},"excerpt":{"rendered":"","protected":false},"author":1,"featured_media":0,"parent":0,"menu_order":6,"comment_status":"closed","ping_status":"closed","template":"","meta":[],"class_list":["post-52","page","type-page","status-publish","hentry"],"grid":"{\r\n  \"colCount\": 12,\r\n  \"colGutter\": 1,\r\n  \"rowGutters\": [\r\n    2,\r\n    1\r\n  ],\r\n  \"frameMargin\": 5,\r\n  \"leftFrameMargin\": 1,\r\n  \"rightFrameMargin\": 1,\r\n  \"topFrameMargin\": 5,\r\n  \"mus\": {\r\n    \"colGutterMu\": \"%\",\r\n    \"rowGutterMu\": \"%\",\r\n    \"topFrameMu\": \"%\",\r\n    \"bottomFrameMu\": \"px\",\r\n    \"frameMu\": \"%\"\r\n  },\r\n  \"bottomFrameMargin\": 115,\r\n  \"rowAttrs\": [\r\n    {\r\n      \"bgcolor\": \"#fff8c4\",\r\n      \"bgimage2\": {\r\n        \"attid\": 53,\r\n        \"url\": \"\/wp-content\/uploads\/2025\/05\/sylvain-brison-2RNkFoaK5JA-unsplash-1-1.jpg\",\r\n        \"sizes\": {\r\n          \"_1920\": {\r\n            \"w\": 1920,\r\n            \"h\": 1911,\r\n            \"url\": \"\/wp-content\/uploads\/2025\/05\/sylvain-brison-2RNkFoaK5JA-unsplash-1-1-1920x1911.jpg\"\r\n          },\r\n          \"_1280\": {\r\n            \"w\": 1280,\r\n            \"h\": 1274,\r\n            \"url\": \"\/wp-content\/uploads\/2025\/05\/sylvain-brison-2RNkFoaK5JA-unsplash-1-1-1280x1274.jpg\"\r\n          },\r\n          \"_1024\": {\r\n            \"w\": 1024,\r\n            \"h\": 1019,\r\n            \"url\": \"\/wp-content\/uploads\/2025\/05\/sylvain-brison-2RNkFoaK5JA-unsplash-1-1-1024x1019.jpg\"\r\n          },\r\n          \"_768\": {\r\n            \"w\": 768,\r\n            \"h\": 764,\r\n            \"url\": \"\/wp-content\/uploads\/2025\/05\/sylvain-brison-2RNkFoaK5JA-unsplash-1-1-768x764.jpg\"\r\n          },\r\n          \"_512\": {\r\n            \"w\": 512,\r\n            \"h\": 510,\r\n            \"url\": \"\/wp-content\/uploads\/2025\/05\/sylvain-brison-2RNkFoaK5JA-unsplash-1-1-512x510.jpg\"\r\n          },\r\n          \"_265\": {\r\n            \"w\": 265,\r\n            \"h\": 264,\r\n            \"url\": \"\/wp-content\/uploads\/2025\/05\/sylvain-brison-2RNkFoaK5JA-unsplash-1-1-265x264.jpg\"\r\n          }\r\n        }\r\n      },\r\n      \"row100vh\": false,\r\n      \"rowcustomheight\": \"70vh\",\r\n      \"relid\": 1\r\n    },\r\n    {\r\n      \"relid\": 5\r\n    },\r\n    {\r\n      \"relid\": 7\r\n    }\r\n  ],\r\n  \"bgColor\": null,\r\n  \"bgImage\": null,\r\n  \"cont\": [\r\n    {\r\n      \"type\": \"img\",\r\n      \"cont\": \"\/wp-content\/uploads\/2025\/05\/don.svg\",\r\n      \"align\": \"top\",\r\n      \"row\": 0,\r\n      \"col\": 0,\r\n      \"colspan\": 2,\r\n      \"offsetx\": 0,\r\n      \"offsety\": 0,\r\n      \"spaceabove\": 1,\r\n      \"spacebelow\": 0,\r\n      \"yvel\": 1,\r\n      \"push\": 0,\r\n      \"relid\": 2,\r\n      \"attid\": 54,\r\n      \"sizes\": {\r\n        \"full\": \"\/wp-content\/uploads\/2025\/05\/don.svg\"\r\n      },\r\n      \"w\": 203,\r\n      \"h\": 24,\r\n      \"ar\": 0.11822660098522167,\r\n      \"alt\": \"\",\r\n      \"absolute_position\": true,\r\n      \"textAnimation\": {\r\n        \"enableTextAnimation\": false\r\n      },\r\n      \"dosync\": false,\r\n      \"classes\": \"participer\",\r\n      \"imagelink\": {\r\n        \"url\": \"https:\/\/www.eventbrite.com\/e\/diaspora-wonderland-london-edition-19092025-tickets-1440833544919?aff=oddtdtcreator&fbclid=PAZnRzaAMxHdRleHRuA2FlbQIxMQABpxFWTXZNMV8D34dDWMTId7CffBQnvIrDpjFBYwOAA_dwP5hDWvwLtp7rEDSD_aem_Caivb_s9g3TK2mzCy6TbFA\",\r\n        \"id\": 0,\r\n        \"type\": \"\",\r\n        \"newtab\": true,\r\n        \"title\": \"\",\r\n        \"hoverimageid\": null,\r\n        \"hoverimagesmallsrc\": \"\",\r\n        \"hoverimagetype\": \"\",\r\n        \"hoverimageposition\": \"\",\r\n        \"hoverimagepreactivated\": \"\",\r\n        \"hoverimageshowon\": \"\"\r\n      }\r\n    },\r\n    {\r\n      \"type\": \"text\",\r\n      \"cont\": \"<p style=\\\"line-height: 0.9;\\\"><span style=\\\"font-family: EBGaramond-Regular; font-size: 18px; color: #ff7333;\\\">Eine Reise in das Herz afro-mediterraner diasporischer Erinnerungen und Erz\u00e4hlungen. Zwischen Erbe und Sch\u00f6pfung enth\u00fcllt Diaspora Wonderland neue kollektive Territorien. Durch Mode, Bildende Kunst, Design und Tanz bringt dieses zirkul\u00e4re Projekt Kulturen und Imaginationen in Dialog.<\/span><\/p>\",\r\n      \"align\": \"bottom\",\r\n      \"row\": 0,\r\n      \"col\": 0,\r\n      \"colspan\": 6,\r\n      \"offsetx\": 0,\r\n      \"offsety\": 0,\r\n      \"spaceabove\": 0,\r\n      \"spacebelow\": 1,\r\n      \"yvel\": 1,\r\n      \"push\": 0,\r\n      \"relid\": 4,\r\n      \"absolute_position\": true,\r\n      \"textAnimation\": {\r\n        \"enableTextAnimation\": false\r\n      }\r\n    },\r\n    {\r\n      \"type\": \"text\",\r\n      \"cont\": \"<p style=\\\"line-height: 1;\\\"><span style=\\\"font-family: arialnarrow; font-size: 36px; color: #ff7333;\\\">19 SEPTEMBRE 2025 \u2028<\/span><\/p><p style=\\\"line-height: 0.6;\\\">\u00a0<\/p><p><span style=\\\"color: #ff7333; font-family: EBGaramond-Regular; font-size: 55px;\\\">Diaspora Wonderland<\/span><\/p><p>\u00a0<\/p><p><span style=\\\"color: #ff7333; font-family: EBGaramond-Regular; font-size: 40px;\\\"><span style=\\\"font-family: arialnarrow; font-size: 36px;\\\"><br \/>Africa Centre, 68 Great Suffolk Street, London SE1 0BL<br \/>Kuratiert von : Lotfi Aoulad, Gr\u00fcnder von Das Relais, und Fanta Diawara, CFO von Chanel.<\/span><\/span><\/p>\",\r\n      \"align\": \"top\",\r\n      \"row\": 0,\r\n      \"col\": 0,\r\n      \"colspan\": 5,\r\n      \"offsetx\": 0,\r\n      \"offsety\": 0,\r\n      \"spaceabove\": 4,\r\n      \"spacebelow\": 0,\r\n      \"yvel\": 1,\r\n      \"push\": 0,\r\n      \"relid\": 3,\r\n      \"absolute_position\": true,\r\n      \"textAnimation\": {\r\n        \"enableTextAnimation\": false\r\n      }\r\n    },\r\n    {\r\n      \"type\": \"html\",\r\n      \"cont\": \"<style>\\n    .participer{\\n        max-width:250px !important;\\n    }\\n<\/style>\",\r\n      \"align\": \"top\",\r\n      \"row\": 0,\r\n      \"col\": 3,\r\n      \"colspan\": 2,\r\n      \"offsetx\": 0,\r\n      \"offsety\": 0,\r\n      \"spaceabove\": 0,\r\n      \"spacebelow\": 0,\r\n      \"yvel\": 1,\r\n      \"push\": 3,\r\n      \"relid\": 19,\r\n      \"config\": {\r\n        \"label\": \"\"\r\n      },\r\n      \"absolute_position\": true\r\n    },\r\n    {\r\n      \"type\": \"text\",\r\n      \"cont\": \"<p style=\\\"line-height: 1;\\\"><span style=\\\"font-family: arialnarrow; font-size: 16px;\\\">VERGANGENE VERANSTALTUNGEN<img src=\\\"https:\/\/www.dasrelais.com\/wp-content\/uploads\/2025\/06\/Group.svg\\\" alt=\\\"\\\" \/><\/span><\/p>\",\r\n      \"align\": \"top\",\r\n      \"row\": 1,\r\n      \"col\": 0,\r\n      \"colspan\": 2,\r\n      \"offsetx\": 0,\r\n      \"offsety\": 0,\r\n      \"spaceabove\": 0,\r\n      \"spacebelow\": 0,\r\n      \"yvel\": 1,\r\n      \"push\": 0,\r\n      \"relid\": 6,\r\n      \"absolute_position\": false,\r\n      \"textAnimation\": {\r\n        \"enableTextAnimation\": false\r\n      }\r\n    },\r\n    {\r\n      \"type\": \"img\",\r\n      \"cont\": \"\/wp-content\/uploads\/2025\/05\/Rectangle-5.jpg\",\r\n      \"align\": \"middle\",\r\n      \"row\": 2,\r\n      \"col\": 0,\r\n      \"colspan\": 3,\r\n      \"offsetx\": 0,\r\n      \"offsety\": 0,\r\n      \"spaceabove\": 0,\r\n      \"spacebelow\": 0,\r\n      \"yvel\": 1,\r\n      \"push\": 0,\r\n      \"relid\": 8,\r\n      \"attid\": 43,\r\n      \"sizes\": {\r\n        \"full\": \"\/wp-content\/uploads\/2025\/05\/Rectangle-5.jpg\",\r\n        \"_1920\": \"\/wp-content\/uploads\/2025\/05\/Rectangle-5-1920x1313.jpg\",\r\n        \"_1280\": \"\/wp-content\/uploads\/2025\/05\/Rectangle-5-1280x876.jpg\",\r\n        \"_1024\": \"\/wp-content\/uploads\/2025\/05\/Rectangle-5-1024x700.jpg\",\r\n        \"_768\": \"\/wp-content\/uploads\/2025\/05\/Rectangle-5-768x525.jpg\",\r\n        \"_512\": \"\/wp-content\/uploads\/2025\/05\/Rectangle-5-512x350.jpg\",\r\n        \"_265\": \"\/wp-content\/uploads\/2025\/05\/Rectangle-5-265x181.jpg\"\r\n      },\r\n      \"w\": 2095,\r\n      \"h\": 1433,\r\n      \"ar\": 0.6840095465393795,\r\n      \"alt\": \"\",\r\n      \"absolute_position\": false,\r\n      \"caption\": \"<p style=\\\"line-height: 1.3;\\\"><span style=\\\"font-family: arialnarrow; font-size: 13px;\\\"><span style=\\\"color: #892628; background-color: #ffe1f8;\\\">\u00a0WOHLGEBOREN\u00a0<\/span> LOTFI ALOUAD |\u00a0 FEBRUAR 25<\/span><\/p><p style=\\\"line-height: 1;\\\"><a href=\\\"https:\/\/www.dasrelais.com\/news\/un-relais-des-enfances-tisser-des-futurs-heureux\/\\\" data-id=\\\"42\\\" data-title=\\\"Un Relais des Enfances\u00a0: \u2028tisser des futurs heureux\\\" data-type=\\\"news\\\">Aufbau von Gemeinschaften rund<br \/>um das Wohlbefinden<\/a><\/p>\",\r\n      \"imagelink\": {\r\n        \"url\": \"\/news\/un-relais-des-enfances-tisser-des-futurs-heureux\/\",\r\n        \"id\": 42,\r\n        \"type\": \"news\",\r\n        \"newtab\": false,\r\n        \"nofollow\": false,\r\n        \"title\": \"Un Relais des Enfances\u00a0: \u2028tisser des futurs heureux\",\r\n        \"hoverimageid\": null,\r\n        \"hoverimagesmallsrc\": \"\",\r\n        \"hoverimagetype\": \"\",\r\n        \"hoverimageposition\": \"\",\r\n        \"hoverimagepreactivated\": \"\",\r\n        \"hoverimageshowon\": \"\"\r\n      },\r\n      \"textAnimation\": {\r\n        \"enableTextAnimation\": false\r\n      },\r\n      \"frameOverflow\": \"\"\r\n    }\r\n  ]\r\n}","phonegrid":"{\r\n  \"colCount\": 12,\r\n  \"colGutter\": 1,\r\n  \"rowGutters\": [\r\n    \"5\",\r\n    \"0\",\r\n    \"0\",\r\n    \"0\",\r\n    \"20\",\r\n    \"5\"\r\n  ],\r\n  \"frameMargin\": 5,\r\n  \"topFrameMargin\": \"40\",\r\n  \"rightFrameMargin\": 5,\r\n  \"bottomFrameMargin\": 5,\r\n  \"leftFrameMargin\": 5,\r\n  \"mus\": {\r\n    \"colGutterMu\": \"%\",\r\n    \"rowGutterMu\": \"%\",\r\n    \"topFrameMu\": \"%\",\r\n    \"bottomFrameMu\": \"%\",\r\n    \"frameMu\": \"%\"\r\n  },\r\n  \"rowAttrs\": [\r\n    {\r\n      \"relid\": 14\r\n    },\r\n    {\r\n      \"relid\": 9,\r\n      \"bgcolor\": \"#fff8c4\",\r\n      \"classes\": \"white-border\"\r\n    },\r\n    {\r\n      \"relid\": 10,\r\n      \"bgcolor\": \"#fff8c4\",\r\n      \"classes\": \"white-border\"\r\n    },\r\n    {\r\n      \"relid\": 11,\r\n      \"bgcolor\": \"#fff8c4\",\r\n      \"classes\": \"white-border\"\r\n    },\r\n    {\r\n      \"relid\": 16\r\n    },\r\n    {\r\n      \"relid\": 12\r\n    },\r\n    {\r\n      \"relid\": 13\r\n    }\r\n  ],\r\n  \"bgColor\": null,\r\n  \"bgImage\": null,\r\n  \"cont\": [\r\n    {\r\n      \"type\": \"text\",\r\n      \"cont\": \"\",\r\n      \"align\": \"middle\",\r\n      \"row\": 0,\r\n      \"col\": 0,\r\n      \"colspan\": 5,\r\n      \"offsetx\": 0,\r\n      \"offsety\": 0,\r\n      \"spaceabove\": 0,\r\n      \"spacebelow\": 0,\r\n      \"yvel\": 1,\r\n      \"push\": 0,\r\n      \"relid\": 15,\r\n      \"absolute_position\": false,\r\n      \"frameOverflow\": \"\"\r\n    },\r\n    {\r\n      \"type\": \"img\",\r\n      \"cont\": \"\/wp-content\/uploads\/2025\/05\/don.svg\",\r\n      \"align\": \"top\",\r\n      \"row\": 1,\r\n      \"col\": 0,\r\n      \"colspan\": 8,\r\n      \"offsetx\": 0,\r\n      \"offsety\": 0,\r\n      \"spaceabove\": \"3\",\r\n      \"spacebelow\": 0,\r\n      \"yvel\": 1,\r\n      \"push\": 0,\r\n      \"relid\": 2,\r\n      \"attid\": 54,\r\n      \"sizes\": {\r\n        \"full\": \"\/wp-content\/uploads\/2025\/05\/don.svg\"\r\n      },\r\n      \"w\": 203,\r\n      \"h\": 24,\r\n      \"ar\": 0.11822660098522167,\r\n      \"alt\": \"\",\r\n      \"absolute_position\": false,\r\n      \"textAnimation\": {\r\n        \"enableTextAnimation\": false\r\n      },\r\n      \"dosync\": false,\r\n      \"frameOverflow\": \"\"\r\n    },\r\n    {\r\n      \"type\": \"html\",\r\n      \"cont\": \"<style>\\n    .white-border {\\n        margin-left:5%;\\n        margin-right:5%\\n   \\n    }\\n<\/style>\",\r\n      \"align\": \"top\",\r\n      \"row\": 1,\r\n      \"col\": 9,\r\n      \"colspan\": 2,\r\n      \"offsetx\": 0,\r\n      \"offsety\": 0,\r\n      \"spaceabove\": 0,\r\n      \"spacebelow\": 0,\r\n      \"yvel\": 1,\r\n      \"push\": 1,\r\n      \"relid\": 18,\r\n      \"config\": {\r\n        \"label\": \"\"\r\n      },\r\n      \"absolute_position\": false\r\n    },\r\n    {\r\n      \"type\": \"text\",\r\n      \"cont\": \"<p style=\\\"line-height: 1;\\\"><span style=\\\"font-family: arialnarrow; font-size: 36px; color: #ff7333;\\\">19 SEPTEMBRE 2025 \u2028<\/span><\/p><p style=\\\"line-height: 0.6;\\\">\u00a0<\/p><p><span style=\\\"color: #ff7333; font-family: EBGaramond-Regular; font-size: 55px;\\\">Diaspora Wonderland<\/span><\/p><p>\u00a0<\/p><p><span style=\\\"color: #ff7333; font-family: EBGaramond-Regular; font-size: 40px;\\\"><span style=\\\"font-family: arialnarrow; font-size: 36px;\\\"><br \/>Africa Centre, 68 Great Suffolk Street, London SE1 0BL<br \/>Kuratiert von : Lotfi Aoulad, Gr\u00fcnder von Das Relais, und Fanta Diawara, CFO von Chanel.<\/span><\/span><\/p>\",\r\n      \"align\": \"top\",\r\n      \"row\": 2,\r\n      \"col\": 0,\r\n      \"colspan\": 12,\r\n      \"offsetx\": 0,\r\n      \"offsety\": 0,\r\n      \"spaceabove\": \"10\",\r\n      \"spacebelow\": \"40\",\r\n      \"yvel\": 1,\r\n      \"push\": 0,\r\n      \"relid\": 3,\r\n      \"absolute_position\": true,\r\n      \"textAnimation\": {\r\n        \"enableTextAnimation\": false\r\n      },\r\n      \"frameOverflow\": \"\"\r\n    },\r\n    {\r\n      \"type\": \"text\",\r\n      \"cont\": \"<p style=\\\"line-height: 0.9;\\\"><span style=\\\"font-family: EBGaramond-Regular; font-size: 18px; color: #ff7333;\\\">Eine Reise in das Herz afro-mediterraner diasporischer Erinnerungen und Erz\u00e4hlungen. Zwischen Erbe und Sch\u00f6pfung enth\u00fcllt Diaspora Wonderland neue kollektive Territorien. Durch Mode, Bildende Kunst, Design und Tanz bringt dieses zirkul\u00e4re Projekt Kulturen und Imaginationen in Dialog.<\/span><\/p>\",\r\n      \"align\": \"top\",\r\n      \"row\": 3,\r\n      \"col\": 0,\r\n      \"colspan\": 12,\r\n      \"offsetx\": 0,\r\n      \"offsety\": 0,\r\n      \"spaceabove\": 0,\r\n      \"spacebelow\": \"5\",\r\n      \"yvel\": 1,\r\n      \"push\": 0,\r\n      \"relid\": 4,\r\n      \"absolute_position\": true,\r\n      \"textAnimation\": {\r\n        \"enableTextAnimation\": false\r\n      },\r\n      \"frameOverflow\": \"\"\r\n    },\r\n    {\r\n      \"type\": \"img\",\r\n      \"cont\": \"\/wp-content\/uploads\/2025\/05\/Rectangle-5-3.png\",\r\n      \"align\": \"top\",\r\n      \"row\": 4,\r\n      \"col\": 0,\r\n      \"colspan\": 12,\r\n      \"offsetx\": 0,\r\n      \"offsety\": 0,\r\n      \"spaceabove\": 0,\r\n      \"spacebelow\": 0,\r\n      \"yvel\": 1,\r\n      \"push\": 0,\r\n      \"relid\": 17,\r\n      \"attid\": 71,\r\n      \"sizes\": {\r\n        \"full\": \"\/wp-content\/uploads\/2025\/05\/Rectangle-5-3.png\",\r\n        \"_768\": \"\/wp-content\/uploads\/2025\/05\/Rectangle-5-3-768x909.png\",\r\n        \"_512\": \"\/wp-content\/uploads\/2025\/05\/Rectangle-5-3-512x606.png\",\r\n        \"_265\": \"\/wp-content\/uploads\/2025\/05\/Rectangle-5-3-265x314.png\"\r\n      },\r\n      \"w\": 775,\r\n      \"h\": 917,\r\n      \"ar\": 1.1832258064516128,\r\n      \"alt\": \"\",\r\n      \"absolute_position\": false,\r\n      \"frameOverflow\": \"\"\r\n    },\r\n    {\r\n      \"type\": \"text\",\r\n      \"cont\": \"<p style=\\\"line-height: 1;\\\"><span style=\\\"font-family: arialnarrow; font-size: 16px;\\\">VERGANGENE VERANSTALTUNGEN<img src=\\\"https:\/\/www.dasrelais.com\/wp-content\/uploads\/2025\/06\/Group.svg\\\" alt=\\\"\\\" \/><\/span><\/p>\",\r\n      \"align\": \"top\",\r\n      \"row\": 5,\r\n      \"col\": 0,\r\n      \"colspan\": 6,\r\n      \"offsetx\": 0,\r\n      \"offsety\": 0,\r\n      \"spaceabove\": 0,\r\n      \"spacebelow\": 0,\r\n      \"yvel\": 1,\r\n      \"push\": 0,\r\n      \"relid\": 6,\r\n      \"absolute_position\": false,\r\n      \"textAnimation\": {\r\n        \"enableTextAnimation\": false\r\n      }\r\n    },\r\n    {\r\n      \"type\": \"img\",\r\n      \"cont\": \"\/wp-content\/uploads\/2025\/05\/Rectangle-5.jpg\",\r\n      \"align\": \"bottom\",\r\n      \"row\": 6,\r\n      \"col\": 0,\r\n      \"colspan\": 12,\r\n      \"offsetx\": 0,\r\n      \"offsety\": 0,\r\n      \"spaceabove\": 0,\r\n      \"spacebelow\": 0,\r\n      \"yvel\": 1,\r\n      \"push\": 0,\r\n      \"relid\": 8,\r\n      \"attid\": 43,\r\n      \"sizes\": {\r\n        \"full\": \"\/wp-content\/uploads\/2025\/05\/Rectangle-5.jpg\",\r\n        \"_1920\": \"\/wp-content\/uploads\/2025\/05\/Rectangle-5-1920x1313.jpg\",\r\n        \"_1280\": \"\/wp-content\/uploads\/2025\/05\/Rectangle-5-1280x876.jpg\",\r\n        \"_1024\": \"\/wp-content\/uploads\/2025\/05\/Rectangle-5-1024x700.jpg\",\r\n        \"_768\": \"\/wp-content\/uploads\/2025\/05\/Rectangle-5-768x525.jpg\",\r\n        \"_512\": \"\/wp-content\/uploads\/2025\/05\/Rectangle-5-512x350.jpg\",\r\n        \"_265\": \"\/wp-content\/uploads\/2025\/05\/Rectangle-5-265x181.jpg\"\r\n      },\r\n      \"w\": 2095,\r\n      \"h\": 1433,\r\n      \"ar\": 0.6840095465393795,\r\n      \"alt\": \"\",\r\n      \"absolute_position\": false,\r\n      \"caption\": \"<p style=\\\"line-height: 1.3;\\\"><span style=\\\"font-family: arialnarrow; font-size: 13px;\\\"><span style=\\\"color: #892628; background-color: #ffe1f8;\\\">\u00a0WOHLGEBOREN\u00a0<\/span> LOTFI ALOUAD |\u00a0 FEBRUAR 25<\/span><\/p><p style=\\\"line-height: 1;\\\"><a href=\\\"https:\/\/www.dasrelais.com\/news\/un-relais-des-enfances-tisser-des-futurs-heureux\/\\\" data-id=\\\"42\\\" data-title=\\\"Un Relais des Enfances\u00a0: \u2028tisser des futurs heureux\\\" data-type=\\\"news\\\">Aufbau von Gemeinschaften rund<br \/>um das Wohlbefinden<\/a><\/p>\",\r\n      \"imagelink\": {\r\n        \"url\": \"\/news\/un-relais-des-enfances-tisser-des-futurs-heureux\/\",\r\n        \"id\": 42,\r\n        \"type\": \"news\",\r\n        \"newtab\": false,\r\n        \"nofollow\": false,\r\n        \"title\": \"Un Relais des Enfances\u00a0: \u2028tisser des futurs heureux\",\r\n        \"hoverimageid\": null,\r\n        \"hoverimagesmallsrc\": \"\",\r\n        \"hoverimagetype\": \"\",\r\n        \"hoverimageposition\": \"\",\r\n        \"hoverimagepreactivated\": \"\",\r\n        \"hoverimageshowon\": \"\"\r\n      },\r\n      \"textAnimation\": {\r\n        \"enableTextAnimation\": false\r\n      }\r\n    }\r\n  ]\r\n}","_links":{"self":[{"href":"https:\/\/www.dasrelais.com\/de\/wp-json\/wp\/v2\/pages\/52","targetHints":{"allow":["GET"]}}],"collection":[{"href":"https:\/\/www.dasrelais.com\/de\/wp-json\/wp\/v2\/pages"}],"about":[{"href":"https:\/\/www.dasrelais.com\/de\/wp-json\/wp\/v2\/types\/page"}],"author":[{"embeddable":true,"href":"https:\/\/www.dasrelais.com\/de\/wp-json\/wp\/v2\/users\/1"}],"replies":[{"embeddable":true,"href":"https:\/\/www.dasrelais.com\/de\/wp-json\/wp\/v2\/comments?post=52"}],"version-history":[{"count":0,"href":"https:\/\/www.dasrelais.com\/de\/wp-json\/wp\/v2\/pages\/52\/revisions"}],"wp:attachment":[{"href":"https:\/\/www.dasrelais.com\/de\/wp-json\/wp\/v2\/media?parent=52"}],"curies":[{"name":"wp","href":"https:\/\/api.w.org\/{rel}","templated":true}]}}